{"id":5108,"date":"2023-10-09T14:00:09","date_gmt":"2023-10-09T14:00:09","guid":{"rendered":"https:\/\/www.modelstampi.it\/maschinenpark-und-industrie-4-0\/"},"modified":"2024-02-06T15:59:27","modified_gmt":"2024-02-06T15:59:27","slug":"maschinenpark-und-industrie-4-0","status":"publish","type":"page","link":"https:\/\/www.modelstampi.it\/de\/maschinenpark-und-industrie-4-0\/","title":{"rendered":"Maschinenpark und Industrie 4.0"},"content":{"rendered":"\t\t<div data-elementor-type=\"wp-page\" data-elementor-id=\"5108\" class=\"elementor elementor-5108 elementor-1755\" data-elementor-post-type=\"page\">\n\t\t\t\t\t\t<section class=\"elementor-section elementor-top-section elementor-element elementor-element-615097d elementor-section-items-stretch elementor-section-content-middle elementor-section-full_width elementor-section-height-min-height elementor-section-height-default\" data-id=\"615097d\" data-element_type=\"section\" data-settings=\"{&quot;background_background&quot;:&quot;classic&quot;}\">\n\t\t\t\t\t\t\t<div class=\"elementor-background-overlay\"><\/div>\n\t\t\t\t\t\t\t<div class=\"elementor-container elementor-column-gap-no\">\n\t\t\t\t\t<div class=\"elementor-column elementor-col-100 elementor-top-column elementor-element elementor-element-e2673c6\" data-id=\"e2673c6\" data-element_type=\"column\">\n\t\t\t<div class=\"elementor-widget-wrap\">\n\t\t\t\t\t\t\t<\/div>\n\t\t<\/div>\n\t\t\t\t\t<\/div>\n\t\t<\/section>\n\t\t\t\t<section class=\"elementor-section elementor-top-section elementor-element elementor-element-6ace1c9 elementor-section-content-middle elementor-section-full_width paddingpg elementor-section-height-default elementor-section-height-default\" data-id=\"6ace1c9\" data-element_type=\"section\" data-settings=\"{&quot;background_background&quot;:&quot;classic&quot;}\">\n\t\t\t\t\t\t<div class=\"elementor-container elementor-column-gap-no\">\n\t\t\t\t\t<div class=\"elementor-column elementor-col-100 elementor-top-column elementor-element elementor-element-e8589c3\" data-id=\"e8589c3\" data-element_type=\"column\">\n\t\t\t<div class=\"elementor-widget-wrap elementor-element-populated\">\n\t\t\t\t\t\t<div class=\"elementor-element elementor-element-d77f03a elementor-invisible elementor-widget elementor-widget-heading\" data-id=\"d77f03a\" data-element_type=\"widget\" data-settings=\"{&quot;_animation&quot;:&quot;fadeInUp&quot;}\" data-widget_type=\"heading.default\">\n\t\t\t\t<div class=\"elementor-widget-container\">\n\t\t\t<h3 class=\"elementor-heading-title elementor-size-default\">Maschinenpark<\/h3>\t\t<\/div>\n\t\t\t\t<\/div>\n\t\t\t\t<div class=\"elementor-element elementor-element-a7f05b5 elementor-widget elementor-widget-heading\" data-id=\"a7f05b5\" data-element_type=\"widget\" data-widget_type=\"heading.default\">\n\t\t\t\t<div class=\"elementor-widget-container\">\n\t\t\t<h2 class=\"elementor-heading-title elementor-size-default\">Bei Model Stampi glauben wir schon immer an die neuesten <b>Technologien und investieren in diese<\/b>, um Spitzenqualit\u00e4t zu erreichen.<\/h2>\t\t<\/div>\n\t\t\t\t<\/div>\n\t\t\t\t\t<\/div>\n\t\t<\/div>\n\t\t\t\t\t<\/div>\n\t\t<\/section>\n\t\t\t\t<section class=\"elementor-section elementor-top-section elementor-element elementor-element-0cd619d elementor-section-content-middle elementor-section-full_width paddingpg elementor-section-height-default elementor-section-height-default\" data-id=\"0cd619d\" data-element_type=\"section\" data-settings=\"{&quot;background_background&quot;:&quot;classic&quot;}\">\n\t\t\t\t\t\t<div class=\"elementor-container elementor-column-gap-no\">\n\t\t\t\t\t<div class=\"elementor-column elementor-col-50 elementor-top-column elementor-element elementor-element-2f6dc31\" data-id=\"2f6dc31\" data-element_type=\"column\">\n\t\t\t<div class=\"elementor-widget-wrap elementor-element-populated\">\n\t\t\t\t\t\t<div class=\"elementor-element elementor-element-39e5183 elementor-invisible elementor-widget elementor-widget-heading\" data-id=\"39e5183\" data-element_type=\"widget\" data-settings=\"{&quot;_animation&quot;:&quot;fadeInUp&quot;}\" data-widget_type=\"heading.default\">\n\t\t\t\t<div class=\"elementor-widget-container\">\n\t\t\t<h1 class=\"elementor-heading-title elementor-size-default\">4.0-Technologien und modernster Maschinenpark, um Ihnen h\u00f6chste Pr\u00e4zision zu bieten.<\/h1>\t\t<\/div>\n\t\t\t\t<\/div>\n\t\t\t\t<div class=\"elementor-element elementor-element-ef4f5d9 elementor-widget-divider--view-line elementor-invisible elementor-widget elementor-widget-divider\" data-id=\"ef4f5d9\" data-element_type=\"widget\" data-settings=\"{&quot;_animation&quot;:&quot;fadeIn&quot;}\" data-widget_type=\"divider.default\">\n\t\t\t\t<div class=\"elementor-widget-container\">\n\t\t\t\t\t<div class=\"elementor-divider\">\n\t\t\t<span class=\"elementor-divider-separator\">\n\t\t\t\t\t\t<\/span>\n\t\t<\/div>\n\t\t\t\t<\/div>\n\t\t\t\t<\/div>\n\t\t\t\t<div class=\"elementor-element elementor-element-56e4aac elementor-invisible elementor-widget elementor-widget-text-editor\" data-id=\"56e4aac\" data-element_type=\"widget\" data-settings=\"{&quot;_animation&quot;:&quot;fadeInUp&quot;}\" data-widget_type=\"text-editor.default\">\n\t\t\t\t<div class=\"elementor-widget-container\">\n\t\t\t\t\t\t\t<p>Seit der Gr\u00fcndung hat Model Stampi immer besonderes Augenmerk auf die technologische Weiterentwicklung von Maschinen gelegt und <strong>fortschrittliche Ausstattung<\/strong> und <strong>Hochgeschwindigkeitsfr\u00e4smaschinen<\/strong> mit den neuesten Technologien in den Betrieb integriert.<\/p>\n<p>Dank st\u00e4ndiger Investitionen in die <strong>Industrie 4.0<\/strong>, einem flexiblen und kompetitiven Maschinenpark und einem qualifizierten Team von Fachleuten kann Model Stampi unterschiedlichste Kundenw\u00fcnsche erf\u00fcllen und diese mit pr\u00e4zisen und p\u00fcnktlichen L\u00f6sungen bei der Herstellung von ma\u00dfgeschneiderten <strong>Spritzgussformen<\/strong> umsetzen.<\/p>\n\t\t\t\t\t\t<\/div>\n\t\t\t\t<\/div>\n\t\t\t\t\t<\/div>\n\t\t<\/div>\n\t\t\t\t<div class=\"elementor-column elementor-col-50 elementor-top-column elementor-element elementor-element-e41a443\" data-id=\"e41a443\" data-element_type=\"column\">\n\t\t\t<div class=\"elementor-widget-wrap elementor-element-populated\">\n\t\t\t\t\t\t<div class=\"elementor-element elementor-element-a3c2de6 elementor-skin-slideshow elementor-widget elementor-widget-media-carousel\" data-id=\"a3c2de6\" data-element_type=\"widget\" data-settings=\"{&quot;skin&quot;:&quot;slideshow&quot;,&quot;slideshow_slides_per_view&quot;:&quot;6&quot;,&quot;effect&quot;:&quot;fade&quot;,&quot;speed&quot;:500,&quot;loop&quot;:&quot;yes&quot;,&quot;space_between&quot;:{&quot;unit&quot;:&quot;px&quot;,&quot;size&quot;:10,&quot;sizes&quot;:[]},&quot;space_between_tablet&quot;:{&quot;unit&quot;:&quot;px&quot;,&quot;size&quot;:10,&quot;sizes&quot;:[]},&quot;space_between_mobile&quot;:{&quot;unit&quot;:&quot;px&quot;,&quot;size&quot;:10,&quot;sizes&quot;:[]}}\" data-widget_type=\"media-carousel.default\">\n\t\t\t\t<div class=\"elementor-widget-container\">\n\t\t\t\t\t<div class=\"elementor-swiper\">\n\t\t\t<div class=\"elementor-main-swiper swiper\">\n\t\t\t\t<div class=\"swiper-wrapper\">\n\t\t\t\t\t\t\t\t\t\t\t<div class=\"swiper-slide\">\n\t\t\t\t\t\t\t\t\t<div class=\"elementor-carousel-image\" role=\"img\" aria-label=\"parco-macchine-modelstampi-01\" style=\"background-image: url(&#039;https:\/\/www.modelstampi.it\/wp-content\/uploads\/2024\/02\/parco-macchine-modelstampi-01.jpg&#039;)\">\n\n\t\t\t\n\t\t\t\t\t<\/div>\n\t\t\t\t\t\t\t\t<\/div>\n\t\t\t\t\t\t\t\t\t\t\t<div class=\"swiper-slide\">\n\t\t\t\t\t\t\t\t\t<div class=\"elementor-carousel-image\" role=\"img\" aria-label=\"Industria 4.0 e parco macchine Model Stampi\" style=\"background-image: url(&#039;https:\/\/www.modelstampi.it\/wp-content\/uploads\/2023\/10\/parco-macchine-modelstampi-roller-xl.jpg&#039;)\">\n\n\t\t\t\n\t\t\t\t\t<\/div>\n\t\t\t\t\t\t\t\t<\/div>\n\t\t\t\t\t\t\t\t\t\t\t<div class=\"swiper-slide\">\n\t\t\t\t\t\t\t\t\t<div class=\"elementor-carousel-image\" role=\"img\" aria-label=\"Industria 4.0 e parco macchine Model Stampi\" style=\"background-image: url(&#039;https:\/\/www.modelstampi.it\/wp-content\/uploads\/2023\/10\/parco-macchine-modelstampi-goglio-02.jpg&#039;)\">\n\n\t\t\t\n\t\t\t\t\t<\/div>\n\t\t\t\t\t\t\t\t<\/div>\n\t\t\t\t\t\t\t\t\t\t\t<div class=\"swiper-slide\">\n\t\t\t\t\t\t\t\t\t<div class=\"elementor-carousel-image\" role=\"img\" aria-label=\"Industria 4.0 e parco macchine Model Stampi\" style=\"background-image: url(&#039;https:\/\/www.modelstampi.it\/wp-content\/uploads\/2023\/10\/parco-macchine-modelstampi-goglio-01.jpg&#039;)\">\n\n\t\t\t\n\t\t\t\t\t<\/div>\n\t\t\t\t\t\t\t\t<\/div>\n\t\t\t\t\t\t\t\t\t\t\t<div class=\"swiper-slide\">\n\t\t\t\t\t\t\t\t\t<div class=\"elementor-carousel-image\" role=\"img\" aria-label=\"Industria 4.0 e parco macchine Model Stampi\" style=\"background-image: url(&#039;https:\/\/www.modelstampi.it\/wp-content\/uploads\/2023\/10\/parco-macchine-modelstampi-ntx200-01.jpg&#039;)\">\n\n\t\t\t\n\t\t\t\t\t<\/div>\n\t\t\t\t\t\t\t\t<\/div>\n\t\t\t\t\t\t\t\t\t\t\t<div class=\"swiper-slide\">\n\t\t\t\t\t\t\t\t\t<div class=\"elementor-carousel-image\" role=\"img\" aria-label=\"Industria 4.0 e parco macchine Model Stampi\" style=\"background-image: url(&#039;https:\/\/www.modelstampi.it\/wp-content\/uploads\/2023\/10\/parco-macchine-modelstampi-linearmill-01.jpg&#039;)\">\n\n\t\t\t\n\t\t\t\t\t<\/div>\n\t\t\t\t\t\t\t\t<\/div>\n\t\t\t\t\t\t\t\t\t\t\t<div class=\"swiper-slide\">\n\t\t\t\t\t\t\t\t\t<div class=\"elementor-carousel-image\" role=\"img\" aria-label=\"Industria 4.0 e parco macchine Model Stampi\" style=\"background-image: url(&#039;https:\/\/www.modelstampi.it\/wp-content\/uploads\/2023\/10\/parco-macchine-modelstampi-roller-xl-01.jpg&#039;)\">\n\n\t\t\t\n\t\t\t\t\t<\/div>\n\t\t\t\t\t\t\t\t<\/div>\n\t\t\t\t\t\t\t\t\t<\/div>\n\t\t\t\t\t\t\t\t\t\t\t\t\t\t\t\t\t\t\t\t\t<\/div>\n\t\t<\/div>\n\t\t\t\t<div class=\"elementor-swiper\">\n\t\t\t<div class=\"elementor-thumbnails-swiper swiper\">\n\t\t\t\t<div class=\"swiper-wrapper\">\n\t\t\t\t\t\t\t\t\t\t\t<div class=\"swiper-slide\">\n\t\t\t\t\t\t\t\t\t<div class=\"elementor-carousel-image\" role=\"img\" aria-label=\"parco-macchine-modelstampi-01\" style=\"background-image: url(&#039;https:\/\/www.modelstampi.it\/wp-content\/uploads\/2024\/02\/parco-macchine-modelstampi-01.jpg&#039;)\">\n\n\t\t\t\n\t\t\t\t\t<\/div>\n\t\t\t\t\t\t\t\t<\/div>\n\t\t\t\t\t\t\t\t\t\t\t<div class=\"swiper-slide\">\n\t\t\t\t\t\t\t\t\t<div class=\"elementor-carousel-image\" role=\"img\" aria-label=\"Industria 4.0 e parco macchine Model Stampi\" style=\"background-image: url(&#039;https:\/\/www.modelstampi.it\/wp-content\/uploads\/2023\/10\/parco-macchine-modelstampi-roller-xl.jpg&#039;)\">\n\n\t\t\t\n\t\t\t\t\t<\/div>\n\t\t\t\t\t\t\t\t<\/div>\n\t\t\t\t\t\t\t\t\t\t\t<div class=\"swiper-slide\">\n\t\t\t\t\t\t\t\t\t<div class=\"elementor-carousel-image\" role=\"img\" aria-label=\"Industria 4.0 e parco macchine Model Stampi\" style=\"background-image: url(&#039;https:\/\/www.modelstampi.it\/wp-content\/uploads\/2023\/10\/parco-macchine-modelstampi-goglio-02.jpg&#039;)\">\n\n\t\t\t\n\t\t\t\t\t<\/div>\n\t\t\t\t\t\t\t\t<\/div>\n\t\t\t\t\t\t\t\t\t\t\t<div class=\"swiper-slide\">\n\t\t\t\t\t\t\t\t\t<div class=\"elementor-carousel-image\" role=\"img\" aria-label=\"Industria 4.0 e parco macchine Model Stampi\" style=\"background-image: url(&#039;https:\/\/www.modelstampi.it\/wp-content\/uploads\/2023\/10\/parco-macchine-modelstampi-goglio-01.jpg&#039;)\">\n\n\t\t\t\n\t\t\t\t\t<\/div>\n\t\t\t\t\t\t\t\t<\/div>\n\t\t\t\t\t\t\t\t\t\t\t<div class=\"swiper-slide\">\n\t\t\t\t\t\t\t\t\t<div class=\"elementor-carousel-image\" role=\"img\" aria-label=\"Industria 4.0 e parco macchine Model Stampi\" style=\"background-image: url(&#039;https:\/\/www.modelstampi.it\/wp-content\/uploads\/2023\/10\/parco-macchine-modelstampi-ntx200-01.jpg&#039;)\">\n\n\t\t\t\n\t\t\t\t\t<\/div>\n\t\t\t\t\t\t\t\t<\/div>\n\t\t\t\t\t\t\t\t\t\t\t<div class=\"swiper-slide\">\n\t\t\t\t\t\t\t\t\t<div class=\"elementor-carousel-image\" role=\"img\" aria-label=\"Industria 4.0 e parco macchine Model Stampi\" style=\"background-image: url(&#039;https:\/\/www.modelstampi.it\/wp-content\/uploads\/2023\/10\/parco-macchine-modelstampi-linearmill-01.jpg&#039;)\">\n\n\t\t\t\n\t\t\t\t\t<\/div>\n\t\t\t\t\t\t\t\t<\/div>\n\t\t\t\t\t\t\t\t\t\t\t<div class=\"swiper-slide\">\n\t\t\t\t\t\t\t\t\t<div class=\"elementor-carousel-image\" role=\"img\" aria-label=\"Industria 4.0 e parco macchine Model Stampi\" style=\"background-image: url(&#039;https:\/\/www.modelstampi.it\/wp-content\/uploads\/2023\/10\/parco-macchine-modelstampi-roller-xl-01.jpg&#039;)\">\n\n\t\t\t\n\t\t\t\t\t<\/div>\n\t\t\t\t\t\t\t\t<\/div>\n\t\t\t\t\t\t\t\t\t<\/div>\n\t\t\t\t\t\t\t\t\t\t\t\t\t\t\t\t\t\t\t\t\t<\/div>\n\t\t<\/div>\n\t\t\t\t<\/div>\n\t\t\t\t<\/div>\n\t\t\t\t\t<\/div>\n\t\t<\/div>\n\t\t\t\t\t<\/div>\n\t\t<\/section>\n\t\t\t\t<section class=\"elementor-section elementor-top-section elementor-element elementor-element-c7a67b3 elementor-section-content-middle elementor-section-full_width paddingpg elementor-section-height-default elementor-section-height-default\" data-id=\"c7a67b3\" data-element_type=\"section\" data-settings=\"{&quot;background_background&quot;:&quot;classic&quot;}\">\n\t\t\t\t\t\t<div class=\"elementor-container elementor-column-gap-no\">\n\t\t\t\t\t<div class=\"elementor-column elementor-col-100 elementor-top-column elementor-element elementor-element-ae81720\" data-id=\"ae81720\" data-element_type=\"column\">\n\t\t\t<div class=\"elementor-widget-wrap elementor-element-populated\">\n\t\t\t\t\t\t<div class=\"elementor-element elementor-element-460d740 elementor-invisible elementor-widget elementor-widget-heading\" data-id=\"460d740\" data-element_type=\"widget\" data-settings=\"{&quot;_animation&quot;:&quot;fadeInUp&quot;}\" data-widget_type=\"heading.default\">\n\t\t\t\t<div class=\"elementor-widget-container\">\n\t\t\t<h2 class=\"elementor-heading-title elementor-size-default\">Bearbeitungszentren<\/h2>\t\t<\/div>\n\t\t\t\t<\/div>\n\t\t\t\t<div class=\"elementor-element elementor-element-1f40026 overflowxtab elementor-invisible elementor-widget elementor-widget-shortcode\" data-id=\"1f40026\" data-element_type=\"widget\" data-settings=\"{&quot;_animation&quot;:&quot;fadeIn&quot;}\" data-widget_type=\"shortcode.default\">\n\t\t\t\t<div class=\"elementor-widget-container\">\n\t\t\t\t\t<div class=\"elementor-shortcode\">\n<table id=\"tablepress-5\" class=\"tablepress tablepress-id-5\">\n<tbody>\n<tr class=\"row-1\">\n\t<td class=\"column-1\">Linearmill MECOF<\/td><td class=\"column-2\">5 Achsen<\/td><td class=\"column-3\">4000 x 2200 mm<\/td>\n<\/tr>\n<tr class=\"row-2\">\n\t<td class=\"column-1\">Cronus CMS<\/td><td class=\"column-2\">5 Achsen<\/td><td class=\"column-3\">3000 x 2000 mm<\/td>\n<\/tr>\n<tr class=\"row-3\">\n\t<td class=\"column-1\">Diamond Parpas<\/td><td class=\"column-2\">5 Achsen<\/td><td class=\"column-3\">2500 x 1800 mm<\/td>\n<\/tr>\n<tr class=\"row-4\">\n\t<td class=\"column-1\">Shark OMW<\/td><td class=\"column-2\">5 Achsen<\/td><td class=\"column-3\">3000 x 1200 mm<\/td>\n<\/tr>\n<tr class=\"row-5\">\n\t<td class=\"column-1\">NTX 200 Goglio<\/td><td class=\"column-2\">5 Achsen<\/td><td class=\"column-3\">2000 x 800 mm<\/td>\n<\/tr>\n<tr class=\"row-6\">\n\t<td class=\"column-1\">TX 250 Goglio<\/td><td class=\"column-2\">5 Achsen<\/td><td class=\"column-3\">2500 x 900 mm<\/td>\n<\/tr>\n<tr class=\"row-7\">\n\t<td class=\"column-1\">SUNMILL JHV 1020<\/td><td class=\"column-2\">5 Achsen<\/td><td class=\"column-3\">1020 x 550 x 580 mm<\/td>\n<\/tr>\n<tr class=\"row-8\">\n\t<td class=\"column-1\">ROLLER XL OMV<\/td><td class=\"column-2\">5 Achsen<\/td><td class=\"column-3\">1200 x 1200 mm with pallet change<\/td>\n<\/tr>\n<tr class=\"row-9\">\n\t<td class=\"column-1\">EMCO UMILL 750<\/td><td class=\"column-2\">5 Achsen<\/td><td class=\"column-3\">800 x 600 mm mit Palettenwechsler<\/td>\n<\/tr>\n<\/tbody>\n<\/table>\n<!-- #tablepress-5 from cache --><\/div>\n\t\t\t\t<\/div>\n\t\t\t\t<\/div>\n\t\t\t\t<div class=\"elementor-element elementor-element-9d94760 elementor-invisible elementor-widget elementor-widget-heading\" data-id=\"9d94760\" data-element_type=\"widget\" data-settings=\"{&quot;_animation&quot;:&quot;fadeInUp&quot;}\" data-widget_type=\"heading.default\">\n\t\t\t\t<div class=\"elementor-widget-container\">\n\t\t\t<h2 class=\"elementor-heading-title elementor-size-default\">Bearbeitung von Ureol-Bl\u00f6cken<\/h2>\t\t<\/div>\n\t\t\t\t<\/div>\n\t\t\t\t<div class=\"elementor-element elementor-element-a719f40 elementor-invisible elementor-widget elementor-widget-shortcode\" data-id=\"a719f40\" data-element_type=\"widget\" data-settings=\"{&quot;_animation&quot;:&quot;fadeIn&quot;}\" data-widget_type=\"shortcode.default\">\n\t\t\t\t<div class=\"elementor-widget-container\">\n\t\t\t\t\t<div class=\"elementor-shortcode\">\n<table id=\"tablepress-2\" class=\"tablepress tablepress-id-2\">\n<tbody>\n<tr class=\"row-1\">\n\t<td class=\"column-1\">Poseidon CMS<\/td><td class=\"column-2\">3500 x 3000 mm<\/td>\n<\/tr>\n<\/tbody>\n<\/table>\n<!-- #tablepress-2 from cache --><\/div>\n\t\t\t\t<\/div>\n\t\t\t\t<\/div>\n\t\t\t\t<div class=\"elementor-element elementor-element-fb53a7b elementor-invisible elementor-widget elementor-widget-heading\" data-id=\"fb53a7b\" data-element_type=\"widget\" data-settings=\"{&quot;_animation&quot;:&quot;fadeInUp&quot;}\" data-widget_type=\"heading.default\">\n\t\t\t\t<div class=\"elementor-widget-container\">\n\t\t\t<h2 class=\"elementor-heading-title elementor-size-default\">Erosion<\/h2>\t\t<\/div>\n\t\t\t\t<\/div>\n\t\t\t\t<div class=\"elementor-element elementor-element-3e83f9c elementor-invisible elementor-widget elementor-widget-shortcode\" data-id=\"3e83f9c\" data-element_type=\"widget\" data-settings=\"{&quot;_animation&quot;:&quot;fadeIn&quot;}\" data-widget_type=\"shortcode.default\">\n\t\t\t\t<div class=\"elementor-widget-container\">\n\t\t\t\t\t<div class=\"elementor-shortcode\">\n<table id=\"tablepress-3\" class=\"tablepress tablepress-id-3\">\n<tbody>\n<tr class=\"row-1\">\n\t<td class=\"column-1\">CDM Rovella \u201cBF 1500 ZENIT\u201d<\/td><td class=\"column-2\">2300 x 1350 x 900 mm<\/td>\n<\/tr>\n<\/tbody>\n<\/table>\n<!-- #tablepress-3 from cache --><\/div>\n\t\t\t\t<\/div>\n\t\t\t\t<\/div>\n\t\t\t\t\t<\/div>\n\t\t<\/div>\n\t\t\t\t\t<\/div>\n\t\t<\/section>\n\t\t\t\t<\/div>\n\t\t","protected":false},"excerpt":{"rendered":"<p>Maschinenpark Bei Model Stampi glauben wir schon immer an die neuesten Technologien und investieren in diese, um Spitzenqualit\u00e4t zu erreichen. 4.0-Technologien und modernster Maschinenpark, um Ihnen h\u00f6chste Pr\u00e4zision zu bieten. Seit der Gr\u00fcndung hat Model Stampi immer besonderes Augenmerk auf die technologische Weiterentwicklung von Maschinen gelegt und fortschrittliche Ausstattung und Hochgeschwindigkeitsfr\u00e4smaschinen mit den neuesten Technologien [&hellip;]<\/p>\n","protected":false},"author":1,"featured_media":0,"parent":0,"menu_order":0,"comment_status":"closed","ping_status":"closed","template":"elementor_header_footer","meta":{"rank_math_lock_modified_date":false,"_themeisle_gutenberg_block_has_review":false,"footnotes":""},"_links":{"self":[{"href":"https:\/\/www.modelstampi.it\/de\/wp-json\/wp\/v2\/pages\/5108"}],"collection":[{"href":"https:\/\/www.modelstampi.it\/de\/wp-json\/wp\/v2\/pages"}],"about":[{"href":"https:\/\/www.modelstampi.it\/de\/wp-json\/wp\/v2\/types\/page"}],"author":[{"embeddable":true,"href":"https:\/\/www.modelstampi.it\/de\/wp-json\/wp\/v2\/users\/1"}],"replies":[{"embeddable":true,"href":"https:\/\/www.modelstampi.it\/de\/wp-json\/wp\/v2\/comments?post=5108"}],"version-history":[{"count":8,"href":"https:\/\/www.modelstampi.it\/de\/wp-json\/wp\/v2\/pages\/5108\/revisions"}],"predecessor-version":[{"id":5343,"href":"https:\/\/www.modelstampi.it\/de\/wp-json\/wp\/v2\/pages\/5108\/revisions\/5343"}],"wp:attachment":[{"href":"https:\/\/www.modelstampi.it\/de\/wp-json\/wp\/v2\/media?parent=5108"}],"curies":[{"name":"wp","href":"https:\/\/api.w.org\/{rel}","templated":true}]}}