{"id":5122,"date":"2023-09-18T15:38:37","date_gmt":"2023-09-18T15:38:37","guid":{"rendered":"https:\/\/www.modelstampi.it\/thermoplastisches-formen\/"},"modified":"2024-02-06T11:42:27","modified_gmt":"2024-02-06T11:42:27","slug":"thermoplastisches-formen","status":"publish","type":"page","link":"https:\/\/www.modelstampi.it\/de\/thermoplastisches-formen\/","title":{"rendered":"Thermoplastisches Formen"},"content":{"rendered":"\t\t<div data-elementor-type=\"wp-page\" data-elementor-id=\"5122\" class=\"elementor elementor-5122 elementor-510\" data-elementor-post-type=\"page\">\n\t\t\t\t\t\t<section class=\"elementor-section elementor-top-section elementor-element elementor-element-615097d elementor-section-items-stretch elementor-section-content-middle elementor-section-full_width elementor-section-height-min-height elementor-section-height-default\" data-id=\"615097d\" data-element_type=\"section\" data-settings=\"{&quot;background_background&quot;:&quot;classic&quot;}\">\n\t\t\t\t\t\t\t<div class=\"elementor-background-overlay\"><\/div>\n\t\t\t\t\t\t\t<div class=\"elementor-container elementor-column-gap-no\">\n\t\t\t\t\t<div class=\"elementor-column elementor-col-100 elementor-top-column elementor-element elementor-element-e2673c6\" data-id=\"e2673c6\" data-element_type=\"column\">\n\t\t\t<div class=\"elementor-widget-wrap\">\n\t\t\t\t\t\t\t<\/div>\n\t\t<\/div>\n\t\t\t\t\t<\/div>\n\t\t<\/section>\n\t\t\t\t<section class=\"elementor-section elementor-top-section elementor-element elementor-element-f5e5dd1 elementor-section-content-middle elementor-section-full_width paddingpg elementor-section-height-default elementor-section-height-default\" data-id=\"f5e5dd1\" data-element_type=\"section\" data-settings=\"{&quot;background_background&quot;:&quot;classic&quot;}\">\n\t\t\t\t\t\t<div class=\"elementor-container elementor-column-gap-no\">\n\t\t\t\t\t<div class=\"elementor-column elementor-col-50 elementor-top-column elementor-element elementor-element-30312a8\" data-id=\"30312a8\" data-element_type=\"column\">\n\t\t\t<div class=\"elementor-widget-wrap elementor-element-populated\">\n\t\t\t\t\t\t<div class=\"elementor-element elementor-element-21b6108 elementor-invisible elementor-widget elementor-widget-heading\" data-id=\"21b6108\" data-element_type=\"widget\" data-settings=\"{&quot;_animation&quot;:&quot;fadeInUp&quot;}\" data-widget_type=\"heading.default\">\n\t\t\t\t<div class=\"elementor-widget-container\">\n\t\t\t<h1 class=\"elementor-heading-title elementor-size-default\">Formen f\u00fcr Thermoplaste f\u00fcr kleine und mittlere Produktionsserien.<\/h1>\t\t<\/div>\n\t\t\t\t<\/div>\n\t\t\t\t<div class=\"elementor-element elementor-element-20de9b1 elementor-widget-divider--view-line elementor-invisible elementor-widget elementor-widget-divider\" data-id=\"20de9b1\" data-element_type=\"widget\" data-settings=\"{&quot;_animation&quot;:&quot;fadeIn&quot;}\" data-widget_type=\"divider.default\">\n\t\t\t\t<div class=\"elementor-widget-container\">\n\t\t\t\t\t<div class=\"elementor-divider\">\n\t\t\t<span class=\"elementor-divider-separator\">\n\t\t\t\t\t\t<\/span>\n\t\t<\/div>\n\t\t\t\t<\/div>\n\t\t\t\t<\/div>\n\t\t\t\t<div class=\"elementor-element elementor-element-b253866 elementor-widget elementor-widget-text-editor\" data-id=\"b253866\" data-element_type=\"widget\" data-widget_type=\"text-editor.default\">\n\t\t\t\t<div class=\"elementor-widget-container\">\n\t\t\t\t\t\t\t<p>Neben dem Entwurf und dem Bau von Prototyp- und Serienformen \u00fcbernimmt Model Stampi die <strong>Serienproduktion<\/strong> von assemblierten und nicht-assemblierten Artikeln f\u00fcr <strong>kleine und mittlere St\u00fcckzahlen<\/strong> mithilfe von Lieferanten, mit denen eine jahrzehntelange, enge Zusammenarbeit besteht.<\/p>\n<p>Die Formgebung von Thermoplasten erfolgt mit Stahl- und Aluminiumformen mit <strong>modernsten Einkomponenten- und Rotationsmaschinen<\/strong> von 50 bis 800 Tonnen.<\/p>\n<p>Neben dem Einkomponenten-<strong>Spritzgussverfahren<\/strong> bietet das Unternehmen auch komplexere thermoplastische Spritzgussverfahren an:<\/p>\n<ul>\n<li><strong>Co-Moulding<\/strong> von Kunststoff- und Metalleins\u00e4tzen;<\/li>\n<li><strong>\u00dcberspritzen<\/strong> von Gummi, Kunststoff und Gewebe;<\/li>\n<li><strong>Dekorfolien<\/strong>;<\/li>\n<li>Spritzguss mit <strong>Gasinjektionstechnik<\/strong>;<\/li>\n<li>Spritzguss von <strong>expandierenden<\/strong> <strong>Materialien<\/strong>.<\/li>\n<\/ul>\n\t\t\t\t\t\t<\/div>\n\t\t\t\t<\/div>\n\t\t\t\t\t<\/div>\n\t\t<\/div>\n\t\t\t\t<div class=\"elementor-column elementor-col-50 elementor-top-column elementor-element elementor-element-5e1cc82\" data-id=\"5e1cc82\" data-element_type=\"column\">\n\t\t\t<div class=\"elementor-widget-wrap elementor-element-populated\">\n\t\t\t\t\t\t<div class=\"elementor-element elementor-element-2f91a3e elementor-invisible elementor-widget elementor-widget-image\" data-id=\"2f91a3e\" data-element_type=\"widget\" data-settings=\"{&quot;_animation&quot;:&quot;fadeIn&quot;}\" data-widget_type=\"image.default\">\n\t\t\t\t<div class=\"elementor-widget-container\">\n\t\t\t\t\t\t\t\t\t\t\t\t\t<img fetchpriority=\"high\" decoding=\"async\" width=\"800\" height=\"560\" src=\"https:\/\/www.modelstampi.it\/wp-content\/uploads\/2023\/10\/model-stampi-stampaggio-termoplastico.jpg\" class=\"attachment-large size-large wp-image-4108\" alt=\"Stampaggio termoplastico ad iniezione - Model Stampi\" srcset=\"https:\/\/www.modelstampi.it\/wp-content\/uploads\/2023\/10\/model-stampi-stampaggio-termoplastico.jpg 1000w, https:\/\/www.modelstampi.it\/wp-content\/uploads\/2023\/10\/model-stampi-stampaggio-termoplastico-300x210.jpg 300w, https:\/\/www.modelstampi.it\/wp-content\/uploads\/2023\/10\/model-stampi-stampaggio-termoplastico-768x538.jpg 768w\" sizes=\"(max-width: 800px) 100vw, 800px\" \/>\t\t\t\t\t\t\t\t\t\t\t\t\t<\/div>\n\t\t\t\t<\/div>\n\t\t\t\t\t<\/div>\n\t\t<\/div>\n\t\t\t\t\t<\/div>\n\t\t<\/section>\n\t\t<div class=\"elementor-element elementor-element-558b449 paddingpg e-con-full e-flex e-con e-parent\" data-id=\"558b449\" data-element_type=\"container\" data-settings=\"{&quot;background_background&quot;:&quot;classic&quot;}\">\n\t\t<div class=\"elementor-element elementor-element-815a005 e-con-full e-flex e-con e-child\" data-id=\"815a005\" data-element_type=\"container\">\n\t\t\t\t<div class=\"elementor-element elementor-element-46668d9 elementor-widget elementor-widget-heading\" data-id=\"46668d9\" data-element_type=\"widget\" data-widget_type=\"heading.default\">\n\t\t\t\t<div class=\"elementor-widget-container\">\n\t\t\t<h2 class=\"elementor-heading-title elementor-size-default\">Behandlungen und Endbearbeitungen f\u00fcr Ihre Formteile.<\/h2>\t\t<\/div>\n\t\t\t\t<\/div>\n\t\t\t\t<div class=\"elementor-element elementor-element-a139042 elementor-widget-divider--view-line elementor-invisible elementor-widget elementor-widget-divider\" data-id=\"a139042\" data-element_type=\"widget\" data-settings=\"{&quot;_animation&quot;:&quot;fadeIn&quot;}\" data-widget_type=\"divider.default\">\n\t\t\t\t<div class=\"elementor-widget-container\">\n\t\t\t\t\t<div class=\"elementor-divider\">\n\t\t\t<span class=\"elementor-divider-separator\">\n\t\t\t\t\t\t<\/span>\n\t\t<\/div>\n\t\t\t\t<\/div>\n\t\t\t\t<\/div>\n\t\t\t\t<\/div>\n\t\t<div class=\"elementor-element elementor-element-b049fdb e-con-full e-flex e-con e-child\" data-id=\"b049fdb\" data-element_type=\"container\">\n\t\t\t\t<div class=\"elementor-element elementor-element-cf06e73 elementor-cta--skin-cover elementor-cta--valign-bottom elementor-animated-content elementor-bg-transform elementor-bg-transform-zoom-in elementor-widget elementor-widget-call-to-action\" data-id=\"cf06e73\" data-element_type=\"widget\" data-widget_type=\"call-to-action.default\">\n\t\t\t\t<div class=\"elementor-widget-container\">\n\t\t\t\t\t<div class=\"elementor-cta\">\n\t\t\t\t\t<div class=\"elementor-cta__bg-wrapper\">\n\t\t\t\t<div class=\"elementor-cta__bg elementor-bg\" style=\"background-image: url(https:\/\/www.modelstampi.it\/wp-content\/uploads\/2024\/01\/assemblaggio-trattamenti-e-finiture-modelstampi.jpg);\" role=\"img\" aria-label=\"Assemblaggio - Stampaggio termoplastico Model Stampi\"><\/div>\n\t\t\t\t<div class=\"elementor-cta__bg-overlay\"><\/div>\n\t\t\t<\/div>\n\t\t\t\t\t\t\t<div class=\"elementor-cta__content\">\n\t\t\t\t\n\t\t\t\t\t\t\t\t\t<h3 class=\"elementor-cta__title elementor-cta__content-item elementor-content-item elementor-animated-item--move-up\">\n\t\t\t\t\t\tAssemblierung\t\t\t\t\t<\/h3>\n\t\t\t\t\n\t\t\t\t\n\t\t\t\t\t\t\t<\/div>\n\t\t\t\t\t\t<\/div>\n\t\t\t\t<\/div>\n\t\t\t\t<\/div>\n\t\t\t\t<\/div>\n\t\t<div class=\"elementor-element elementor-element-d3f8354 e-con-full e-flex e-con e-child\" data-id=\"d3f8354\" data-element_type=\"container\">\n\t\t\t\t<div class=\"elementor-element elementor-element-c1abf07 elementor-cta--skin-cover elementor-cta--valign-bottom elementor-animated-content elementor-bg-transform elementor-bg-transform-zoom-in elementor-widget elementor-widget-call-to-action\" data-id=\"c1abf07\" data-element_type=\"widget\" data-widget_type=\"call-to-action.default\">\n\t\t\t\t<div class=\"elementor-widget-container\">\n\t\t\t\t\t<div class=\"elementor-cta\">\n\t\t\t\t\t<div class=\"elementor-cta__bg-wrapper\">\n\t\t\t\t<div class=\"elementor-cta__bg elementor-bg\" style=\"background-image: url(https:\/\/www.modelstampi.it\/wp-content\/uploads\/2024\/01\/verniciatura-trattamenti-e-finiture-modelstampi.jpg);\" role=\"img\" aria-label=\"Verniciatura - Stampaggio termoplastico Model Stampi\"><\/div>\n\t\t\t\t<div class=\"elementor-cta__bg-overlay\"><\/div>\n\t\t\t<\/div>\n\t\t\t\t\t\t\t<div class=\"elementor-cta__content\">\n\t\t\t\t\n\t\t\t\t\t\t\t\t\t<h3 class=\"elementor-cta__title elementor-cta__content-item elementor-content-item elementor-animated-item--move-up\">\n\t\t\t\t\t\tLackierung\t\t\t\t\t<\/h3>\n\t\t\t\t\n\t\t\t\t\n\t\t\t\t\t\t\t<\/div>\n\t\t\t\t\t\t<\/div>\n\t\t\t\t<\/div>\n\t\t\t\t<\/div>\n\t\t\t\t<\/div>\n\t\t<div class=\"elementor-element elementor-element-aebae23 e-con-full e-flex e-con e-child\" data-id=\"aebae23\" data-element_type=\"container\">\n\t\t\t\t<div class=\"elementor-element elementor-element-dddef6e elementor-cta--skin-cover elementor-cta--valign-bottom elementor-animated-content elementor-bg-transform elementor-bg-transform-zoom-in elementor-widget elementor-widget-call-to-action\" data-id=\"dddef6e\" data-element_type=\"widget\" data-widget_type=\"call-to-action.default\">\n\t\t\t\t<div class=\"elementor-widget-container\">\n\t\t\t\t\t<div class=\"elementor-cta\">\n\t\t\t\t\t<div class=\"elementor-cta__bg-wrapper\">\n\t\t\t\t<div class=\"elementor-cta__bg elementor-bg\" style=\"background-image: url(https:\/\/www.modelstampi.it\/wp-content\/uploads\/2024\/01\/cromatura-trattamenti-e-finiture-modelstampi.jpg);\" role=\"img\" aria-label=\"Cromatura - Stampaggio termoplastico Model Stampi\"><\/div>\n\t\t\t\t<div class=\"elementor-cta__bg-overlay\"><\/div>\n\t\t\t<\/div>\n\t\t\t\t\t\t\t<div class=\"elementor-cta__content\">\n\t\t\t\t\n\t\t\t\t\t\t\t\t\t<h3 class=\"elementor-cta__title elementor-cta__content-item elementor-content-item elementor-animated-item--move-up\">\n\t\t\t\t\t\tVerchromung\t\t\t\t\t<\/h3>\n\t\t\t\t\n\t\t\t\t\n\t\t\t\t\t\t\t<\/div>\n\t\t\t\t\t\t<\/div>\n\t\t\t\t<\/div>\n\t\t\t\t<\/div>\n\t\t\t\t<\/div>\n\t\t<div class=\"elementor-element elementor-element-9389c63 e-con-full e-flex e-con e-child\" data-id=\"9389c63\" data-element_type=\"container\">\n\t\t\t\t<div class=\"elementor-element elementor-element-04ffadd elementor-cta--skin-cover elementor-cta--valign-bottom elementor-animated-content elementor-bg-transform elementor-bg-transform-zoom-in elementor-widget elementor-widget-call-to-action\" data-id=\"04ffadd\" data-element_type=\"widget\" data-widget_type=\"call-to-action.default\">\n\t\t\t\t<div class=\"elementor-widget-container\">\n\t\t\t\t\t<div class=\"elementor-cta\">\n\t\t\t\t\t<div class=\"elementor-cta__bg-wrapper\">\n\t\t\t\t<div class=\"elementor-cta__bg elementor-bg\" style=\"background-image: url(https:\/\/www.modelstampi.it\/wp-content\/uploads\/2024\/01\/serigrafia-trattamenti-e-finiture-modelstampi.jpg);\" role=\"img\" aria-label=\"Serigrafia - Stampaggio termoplastico Model Stampi\"><\/div>\n\t\t\t\t<div class=\"elementor-cta__bg-overlay\"><\/div>\n\t\t\t<\/div>\n\t\t\t\t\t\t\t<div class=\"elementor-cta__content\">\n\t\t\t\t\n\t\t\t\t\t\t\t\t\t<h3 class=\"elementor-cta__title elementor-cta__content-item elementor-content-item elementor-animated-item--move-up\">\n\t\t\t\t\t\tSiebdruck \t\t\t\t\t<\/h3>\n\t\t\t\t\n\t\t\t\t\n\t\t\t\t\t\t\t<\/div>\n\t\t\t\t\t\t<\/div>\n\t\t\t\t<\/div>\n\t\t\t\t<\/div>\n\t\t\t\t<\/div>\n\t\t<div class=\"elementor-element elementor-element-a8da6f7 e-con-full e-flex e-con e-child\" data-id=\"a8da6f7\" data-element_type=\"container\">\n\t\t\t\t<div class=\"elementor-element elementor-element-2ab2665 elementor-cta--skin-cover elementor-cta--valign-bottom elementor-animated-content elementor-bg-transform elementor-bg-transform-zoom-in elementor-widget elementor-widget-call-to-action\" data-id=\"2ab2665\" data-element_type=\"widget\" data-widget_type=\"call-to-action.default\">\n\t\t\t\t<div class=\"elementor-widget-container\">\n\t\t\t\t\t<div class=\"elementor-cta\">\n\t\t\t\t\t<div class=\"elementor-cta__bg-wrapper\">\n\t\t\t\t<div class=\"elementor-cta__bg elementor-bg\" style=\"background-image: url(https:\/\/www.modelstampi.it\/wp-content\/uploads\/2024\/01\/serigrafia-e-film-trattamenti-e-finiture-modelstampi-1.jpg);\" role=\"img\" aria-label=\"Film - Stampaggio termoplastico Model Stampi\"><\/div>\n\t\t\t\t<div class=\"elementor-cta__bg-overlay\"><\/div>\n\t\t\t<\/div>\n\t\t\t\t\t\t\t<div class=\"elementor-cta__content\">\n\t\t\t\t\n\t\t\t\t\t\t\t\t\t<h3 class=\"elementor-cta__title elementor-cta__content-item elementor-content-item elementor-animated-item--move-up\">\n\t\t\t\t\t\tFolienhinterspritzen\t\t\t\t\t<\/h3>\n\t\t\t\t\n\t\t\t\t\n\t\t\t\t\t\t\t<\/div>\n\t\t\t\t\t\t<\/div>\n\t\t\t\t<\/div>\n\t\t\t\t<\/div>\n\t\t\t\t<\/div>\n\t\t\t\t<\/div>\n\t\t\t\t<\/div>\n\t\t","protected":false},"excerpt":{"rendered":"<p>Formen f\u00fcr Thermoplaste f\u00fcr kleine und mittlere Produktionsserien. Neben dem Entwurf und dem Bau von Prototyp- und Serienformen \u00fcbernimmt Model Stampi die Serienproduktion von assemblierten und nicht-assemblierten Artikeln f\u00fcr kleine und mittlere St\u00fcckzahlen mithilfe von Lieferanten, mit denen eine jahrzehntelange, enge Zusammenarbeit besteht. Die Formgebung von Thermoplasten erfolgt mit Stahl- und Aluminiumformen mit modernsten Einkomponenten- [&hellip;]<\/p>\n","protected":false},"author":1,"featured_media":0,"parent":0,"menu_order":0,"comment_status":"closed","ping_status":"closed","template":"elementor_header_footer","meta":{"rank_math_lock_modified_date":false,"_themeisle_gutenberg_block_has_review":false,"footnotes":""},"_links":{"self":[{"href":"https:\/\/www.modelstampi.it\/de\/wp-json\/wp\/v2\/pages\/5122"}],"collection":[{"href":"https:\/\/www.modelstampi.it\/de\/wp-json\/wp\/v2\/pages"}],"about":[{"href":"https:\/\/www.modelstampi.it\/de\/wp-json\/wp\/v2\/types\/page"}],"author":[{"embeddable":true,"href":"https:\/\/www.modelstampi.it\/de\/wp-json\/wp\/v2\/users\/1"}],"replies":[{"embeddable":true,"href":"https:\/\/www.modelstampi.it\/de\/wp-json\/wp\/v2\/comments?post=5122"}],"version-history":[{"count":3,"href":"https:\/\/www.modelstampi.it\/de\/wp-json\/wp\/v2\/pages\/5122\/revisions"}],"predecessor-version":[{"id":5156,"href":"https:\/\/www.modelstampi.it\/de\/wp-json\/wp\/v2\/pages\/5122\/revisions\/5156"}],"wp:attachment":[{"href":"https:\/\/www.modelstampi.it\/de\/wp-json\/wp\/v2\/media?parent=5122"}],"curies":[{"name":"wp","href":"https:\/\/api.w.org\/{rel}","templated":true}]}}