{"id":5125,"date":"2023-10-12T08:51:10","date_gmt":"2023-10-12T08:51:10","guid":{"rendered":"https:\/\/www.modelstampi.it\/entwurf-und-bau-von-formen-fur-kunststoffmaterialien\/"},"modified":"2024-02-06T15:49:34","modified_gmt":"2024-02-06T15:49:34","slug":"entwurf-und-bau-von-formen-fur-kunststoffmaterialien","status":"publish","type":"page","link":"https:\/\/www.modelstampi.it\/de\/entwurf-und-bau-von-formen-fur-kunststoffmaterialien\/","title":{"rendered":"Entwurf und Bau von Formen f\u00fcr Kunststoffmaterialien"},"content":{"rendered":"\t\t<div data-elementor-type=\"wp-page\" data-elementor-id=\"5125\" class=\"elementor elementor-5125 elementor-2732\" data-elementor-post-type=\"page\">\n\t\t\t\t\t\t<section class=\"elementor-section elementor-top-section elementor-element elementor-element-615097d elementor-section-items-stretch elementor-section-content-middle elementor-section-full_width elementor-section-height-min-height elementor-section-height-default\" data-id=\"615097d\" data-element_type=\"section\" data-settings=\"{&quot;background_background&quot;:&quot;classic&quot;}\">\n\t\t\t\t\t\t\t<div class=\"elementor-background-overlay\"><\/div>\n\t\t\t\t\t\t\t<div class=\"elementor-container elementor-column-gap-no\">\n\t\t\t\t\t<div class=\"elementor-column elementor-col-100 elementor-top-column elementor-element elementor-element-e2673c6\" data-id=\"e2673c6\" data-element_type=\"column\">\n\t\t\t<div class=\"elementor-widget-wrap\">\n\t\t\t\t\t\t\t<\/div>\n\t\t<\/div>\n\t\t\t\t\t<\/div>\n\t\t<\/section>\n\t\t\t\t<section class=\"elementor-section elementor-top-section elementor-element elementor-element-d3a38a5 elementor-section-content-middle elementor-section-full_width paddingpg elementor-section-height-default elementor-section-height-default\" data-id=\"d3a38a5\" data-element_type=\"section\" data-settings=\"{&quot;background_background&quot;:&quot;classic&quot;}\">\n\t\t\t\t\t\t<div class=\"elementor-container elementor-column-gap-no\">\n\t\t\t\t\t<div class=\"elementor-column elementor-col-100 elementor-top-column elementor-element elementor-element-85bd32e\" data-id=\"85bd32e\" data-element_type=\"column\">\n\t\t\t<div class=\"elementor-widget-wrap elementor-element-populated\">\n\t\t\t\t\t\t<div class=\"elementor-element elementor-element-023a1aa elementor-invisible elementor-widget elementor-widget-heading\" data-id=\"023a1aa\" data-element_type=\"widget\" data-settings=\"{&quot;_animation&quot;:&quot;fadeInUp&quot;}\" data-widget_type=\"heading.default\">\n\t\t\t\t<div class=\"elementor-widget-container\">\n\t\t\t<h3 class=\"elementor-heading-title elementor-size-default\">Massgeschneiderte leistungen f\u00fcr ihre ideen<\/h3>\t\t<\/div>\n\t\t\t\t<\/div>\n\t\t\t\t<div class=\"elementor-element elementor-element-03ffbf0 elementor-invisible elementor-widget elementor-widget-heading\" data-id=\"03ffbf0\" data-element_type=\"widget\" data-settings=\"{&quot;_animation&quot;:&quot;fadeInUp&quot;}\" data-widget_type=\"heading.default\">\n\t\t\t\t<div class=\"elementor-widget-container\">\n\t\t\t<h2 class=\"elementor-heading-title elementor-size-default\">Unser Expertenteam steht bereit, um auf Ihre Bed\u00fcrfnisse einzugehen und Sie bei der Verwirklichung Ihrer Projekte zu unterst\u00fctzen - vom ersten Konzept bis zur Auslieferung des Spritzguss-Endproduktes.<\/h2>\t\t<\/div>\n\t\t\t\t<\/div>\n\t\t\t\t\t<\/div>\n\t\t<\/div>\n\t\t\t\t\t<\/div>\n\t\t<\/section>\n\t\t\t\t<section class=\"elementor-section elementor-top-section elementor-element elementor-element-0cbc7b6 elementor-section-content-middle elementor-section-full_width paddingpg elementor-section-height-default elementor-section-height-default\" data-id=\"0cbc7b6\" data-element_type=\"section\" data-settings=\"{&quot;background_background&quot;:&quot;classic&quot;}\">\n\t\t\t\t\t\t<div class=\"elementor-container elementor-column-gap-no\">\n\t\t\t\t\t<div class=\"elementor-column elementor-col-33 elementor-top-column elementor-element elementor-element-a41e50e\" data-id=\"a41e50e\" data-element_type=\"column\">\n\t\t\t<div class=\"elementor-widget-wrap elementor-element-populated\">\n\t\t\t\t\t\t<div class=\"elementor-element elementor-element-e8868de elementor-widget elementor-widget-image\" data-id=\"e8868de\" data-element_type=\"widget\" data-widget_type=\"image.default\">\n\t\t\t\t<div class=\"elementor-widget-container\">\n\t\t\t\t\t\t\t\t\t\t\t\t\t<img fetchpriority=\"high\" decoding=\"async\" width=\"800\" height=\"560\" src=\"https:\/\/www.modelstampi.it\/wp-content\/uploads\/2023\/10\/analisi-e-progettazione-stampi-model-stampi-02.jpg\" class=\"attachment-large size-large wp-image-3434\" alt=\"Progettazione e costruzione stampi materie plastiche ad iniezione - Model Stampi\" srcset=\"https:\/\/www.modelstampi.it\/wp-content\/uploads\/2023\/10\/analisi-e-progettazione-stampi-model-stampi-02.jpg 1000w, https:\/\/www.modelstampi.it\/wp-content\/uploads\/2023\/10\/analisi-e-progettazione-stampi-model-stampi-02-300x210.jpg 300w, https:\/\/www.modelstampi.it\/wp-content\/uploads\/2023\/10\/analisi-e-progettazione-stampi-model-stampi-02-768x538.jpg 768w\" sizes=\"(max-width: 800px) 100vw, 800px\" \/>\t\t\t\t\t\t\t\t\t\t\t\t\t<\/div>\n\t\t\t\t<\/div>\n\t\t\t\t<div class=\"elementor-element elementor-element-c16729d elementor-widget elementor-widget-heading\" data-id=\"c16729d\" data-element_type=\"widget\" data-widget_type=\"heading.default\">\n\t\t\t\t<div class=\"elementor-widget-container\">\n\t\t\t<h2 class=\"elementor-heading-title elementor-size-default\">Analyse und Entwurf<\/h2>\t\t<\/div>\n\t\t\t\t<\/div>\n\t\t\t\t<div class=\"elementor-element elementor-element-bebd057 elementor-widget-divider--view-line elementor-invisible elementor-widget elementor-widget-divider\" data-id=\"bebd057\" data-element_type=\"widget\" data-settings=\"{&quot;_animation&quot;:&quot;fadeIn&quot;}\" data-widget_type=\"divider.default\">\n\t\t\t\t<div class=\"elementor-widget-container\">\n\t\t\t\t\t<div class=\"elementor-divider\">\n\t\t\t<span class=\"elementor-divider-separator\">\n\t\t\t\t\t\t<\/span>\n\t\t<\/div>\n\t\t\t\t<\/div>\n\t\t\t\t<\/div>\n\t\t\t\t<div class=\"elementor-element elementor-element-cb93faa elementor-widget elementor-widget-text-editor\" data-id=\"cb93faa\" data-element_type=\"widget\" data-widget_type=\"text-editor.default\">\n\t\t\t\t<div class=\"elementor-widget-container\">\n\t\t\t\t\t\t\t<p>Unsere technische Abteilung verf\u00fcgt \u00fcber ein fundiertes Know-how in der Konzeption von Formen f\u00fcr Kunststoffmaterialien und steht Ihnen f\u00fcr die Analyse, Bewertung, Optimierung und den Entwurf der am besten geeigneten technologischen L\u00f6sung zur Verf\u00fcgung.<\/p>\n<ul>\n<li>Machbarkeitsstudien<\/li>\n<li>Moldflow-Analyse<\/li>\n<li>CAD\/CAM-Entwurf<\/li>\n<li>Co-Design<\/li>\n<li>F\u00fcllanalyse<\/li>\n<\/ul>\n\t\t\t\t\t\t<\/div>\n\t\t\t\t<\/div>\n\t\t\t\t\t<\/div>\n\t\t<\/div>\n\t\t\t\t<div class=\"elementor-column elementor-col-33 elementor-top-column elementor-element elementor-element-6544970\" data-id=\"6544970\" data-element_type=\"column\">\n\t\t\t<div class=\"elementor-widget-wrap elementor-element-populated\">\n\t\t\t\t\t\t<div class=\"elementor-element elementor-element-93ad55b elementor-widget elementor-widget-image\" data-id=\"93ad55b\" data-element_type=\"widget\" data-widget_type=\"image.default\">\n\t\t\t\t<div class=\"elementor-widget-container\">\n\t\t\t\t\t\t\t\t\t\t\t\t\t<img decoding=\"async\" width=\"800\" height=\"560\" src=\"https:\/\/www.modelstampi.it\/wp-content\/uploads\/2023\/10\/costruzioni-stampi-ad-iniezione_model-stampi-03.jpg\" class=\"attachment-large size-large wp-image-3420\" alt=\"Progettazione e costruzione stampi materie plastiche - Servizi Model Stampi\" srcset=\"https:\/\/www.modelstampi.it\/wp-content\/uploads\/2023\/10\/costruzioni-stampi-ad-iniezione_model-stampi-03.jpg 1000w, https:\/\/www.modelstampi.it\/wp-content\/uploads\/2023\/10\/costruzioni-stampi-ad-iniezione_model-stampi-03-300x210.jpg 300w, https:\/\/www.modelstampi.it\/wp-content\/uploads\/2023\/10\/costruzioni-stampi-ad-iniezione_model-stampi-03-768x538.jpg 768w\" sizes=\"(max-width: 800px) 100vw, 800px\" \/>\t\t\t\t\t\t\t\t\t\t\t\t\t<\/div>\n\t\t\t\t<\/div>\n\t\t\t\t<div class=\"elementor-element elementor-element-5c5b2ac elementor-widget elementor-widget-heading\" data-id=\"5c5b2ac\" data-element_type=\"widget\" data-widget_type=\"heading.default\">\n\t\t\t\t<div class=\"elementor-widget-container\">\n\t\t\t<h1 class=\"elementor-heading-title elementor-size-default\">Formenbau<\/h1>\t\t<\/div>\n\t\t\t\t<\/div>\n\t\t\t\t<div class=\"elementor-element elementor-element-69089a7 elementor-widget-divider--view-line elementor-invisible elementor-widget elementor-widget-divider\" data-id=\"69089a7\" data-element_type=\"widget\" data-settings=\"{&quot;_animation&quot;:&quot;fadeIn&quot;}\" data-widget_type=\"divider.default\">\n\t\t\t\t<div class=\"elementor-widget-container\">\n\t\t\t\t\t<div class=\"elementor-divider\">\n\t\t\t<span class=\"elementor-divider-separator\">\n\t\t\t\t\t\t<\/span>\n\t\t<\/div>\n\t\t\t\t<\/div>\n\t\t\t\t<\/div>\n\t\t\t\t<div class=\"elementor-element elementor-element-83f3cec elementor-widget elementor-widget-text-editor\" data-id=\"83f3cec\" data-element_type=\"widget\" data-widget_type=\"text-editor.default\">\n\t\t\t\t<div class=\"elementor-widget-container\">\n\t\t\t\t\t\t\t<p>Bei Model Stampi setzen wir die modernsten Technologien f\u00fcr den Bau von mittelgro\u00dfen und gro\u00dfen (bis zu 2500\u00d71500 mm) Kunststoffformen aus Aluminium und Stahl f\u00fcr Thermoplaste, Tiefziehformen, Blasformen, Kohlefaser- und Polyurethanformen mit RIM-Technologie ein.<\/p>\n<ul>\n<li><span style=\"background-color: transparent; color: var( --e-global-color-text );\">Musterspritzung<\/span><\/li>\n<li>Messtechnische Pr\u00fcfungen<\/li>\n<li>Konstruktion von Kontrolllehren<\/li>\n<\/ul>\n\t\t\t\t\t\t<\/div>\n\t\t\t\t<\/div>\n\t\t\t\t\t<\/div>\n\t\t<\/div>\n\t\t\t\t<div class=\"elementor-column elementor-col-33 elementor-top-column elementor-element elementor-element-2abf716\" data-id=\"2abf716\" data-element_type=\"column\">\n\t\t\t<div class=\"elementor-widget-wrap elementor-element-populated\">\n\t\t\t\t\t\t<div class=\"elementor-element elementor-element-4270d13 elementor-widget elementor-widget-image\" data-id=\"4270d13\" data-element_type=\"widget\" data-widget_type=\"image.default\">\n\t\t\t\t<div class=\"elementor-widget-container\">\n\t\t\t\t\t\t\t\t\t\t\t\t\t<img decoding=\"async\" width=\"800\" height=\"560\" src=\"https:\/\/www.modelstampi.it\/wp-content\/uploads\/2023\/10\/trattamenti-e-finiture-speciali-model-stampi.jpg\" class=\"attachment-large size-large wp-image-3810\" alt=\"Progettazione e costruzione stampi materie plastiche ad iniezione - trattamenti\" srcset=\"https:\/\/www.modelstampi.it\/wp-content\/uploads\/2023\/10\/trattamenti-e-finiture-speciali-model-stampi.jpg 1000w, https:\/\/www.modelstampi.it\/wp-content\/uploads\/2023\/10\/trattamenti-e-finiture-speciali-model-stampi-300x210.jpg 300w, https:\/\/www.modelstampi.it\/wp-content\/uploads\/2023\/10\/trattamenti-e-finiture-speciali-model-stampi-768x538.jpg 768w, https:\/\/www.modelstampi.it\/wp-content\/uploads\/2023\/10\/elementor\/thumbs\/trattamenti-e-finiture-speciali-model-stampi-qe17xms9oy04u0u3bxhoys67szpm55ama30yny2sdg.jpg 700w\" sizes=\"(max-width: 800px) 100vw, 800px\" \/>\t\t\t\t\t\t\t\t\t\t\t\t\t<\/div>\n\t\t\t\t<\/div>\n\t\t\t\t<div class=\"elementor-element elementor-element-20133b8 elementor-widget elementor-widget-heading\" data-id=\"20133b8\" data-element_type=\"widget\" data-widget_type=\"heading.default\">\n\t\t\t\t<div class=\"elementor-widget-container\">\n\t\t\t<h2 class=\"elementor-heading-title elementor-size-default\">Spezielle Verfahren und Veredelungen<\/h2>\t\t<\/div>\n\t\t\t\t<\/div>\n\t\t\t\t<div class=\"elementor-element elementor-element-6ad6467 elementor-widget-divider--view-line elementor-invisible elementor-widget elementor-widget-divider\" data-id=\"6ad6467\" data-element_type=\"widget\" data-settings=\"{&quot;_animation&quot;:&quot;fadeIn&quot;}\" data-widget_type=\"divider.default\">\n\t\t\t\t<div class=\"elementor-widget-container\">\n\t\t\t\t\t<div class=\"elementor-divider\">\n\t\t\t<span class=\"elementor-divider-separator\">\n\t\t\t\t\t\t<\/span>\n\t\t<\/div>\n\t\t\t\t<\/div>\n\t\t\t\t<\/div>\n\t\t\t\t<div class=\"elementor-element elementor-element-c51c9cc elementor-widget elementor-widget-text-editor\" data-id=\"c51c9cc\" data-element_type=\"widget\" data-widget_type=\"text-editor.default\">\n\t\t\t\t<div class=\"elementor-widget-container\">\n\t\t\t\t\t\t\t<p>Dank der jahrzehntelangen engen Zusammenarbeit mit Partnerunternehmen der Branche bietet Model Stampi seinen Kunden einen kompletten und professionellen Service, einschlie\u00dflich spezieller Veredelungen und Verfahren f\u00fcr das Endprodukt.<\/p>\n<ul>\n<li>Vorserienfertigung<\/li>\n<li>Fotogravur<\/li>\n<li>Schwei\u00dfen der Form<\/li>\n<li>Sandstrahlen<\/li>\n<\/ul>\n\t\t\t\t\t\t<\/div>\n\t\t\t\t<\/div>\n\t\t\t\t\t<\/div>\n\t\t<\/div>\n\t\t\t\t\t<\/div>\n\t\t<\/section>\n\t\t\t\t<\/div>\n\t\t","protected":false},"excerpt":{"rendered":"<p>Massgeschneiderte leistungen f\u00fcr ihre ideen Unser Expertenteam steht bereit, um auf Ihre Bed\u00fcrfnisse einzugehen und Sie bei der Verwirklichung Ihrer Projekte zu unterst\u00fctzen &#8211; vom ersten Konzept bis zur Auslieferung des Spritzguss-Endproduktes. Analyse und Entwurf Unsere technische Abteilung verf\u00fcgt \u00fcber ein fundiertes Know-how in der Konzeption von Formen f\u00fcr Kunststoffmaterialien und steht Ihnen f\u00fcr die [&hellip;]<\/p>\n","protected":false},"author":1,"featured_media":0,"parent":0,"menu_order":0,"comment_status":"closed","ping_status":"closed","template":"elementor_header_footer","meta":{"rank_math_lock_modified_date":false,"_themeisle_gutenberg_block_has_review":false,"footnotes":""},"_links":{"self":[{"href":"https:\/\/www.modelstampi.it\/de\/wp-json\/wp\/v2\/pages\/5125"}],"collection":[{"href":"https:\/\/www.modelstampi.it\/de\/wp-json\/wp\/v2\/pages"}],"about":[{"href":"https:\/\/www.modelstampi.it\/de\/wp-json\/wp\/v2\/types\/page"}],"author":[{"embeddable":true,"href":"https:\/\/www.modelstampi.it\/de\/wp-json\/wp\/v2\/users\/1"}],"replies":[{"embeddable":true,"href":"https:\/\/www.modelstampi.it\/de\/wp-json\/wp\/v2\/comments?post=5125"}],"version-history":[{"count":8,"href":"https:\/\/www.modelstampi.it\/de\/wp-json\/wp\/v2\/pages\/5125\/revisions"}],"predecessor-version":[{"id":5338,"href":"https:\/\/www.modelstampi.it\/de\/wp-json\/wp\/v2\/pages\/5125\/revisions\/5338"}],"wp:attachment":[{"href":"https:\/\/www.modelstampi.it\/de\/wp-json\/wp\/v2\/media?parent=5125"}],"curies":[{"name":"wp","href":"https:\/\/api.w.org\/{rel}","templated":true}]}}